{"id":513,"date":"2019-03-10T17:00:32","date_gmt":"2019-03-10T16:00:32","guid":{"rendered":"https:\/\/mojoitservices.eu\/_\/?page_id=513"},"modified":"2022-03-30T00:59:29","modified_gmt":"2022-03-29T23:59:29","slug":"impressum","status":"publish","type":"page","link":"https:\/\/mojoitservices.eu\/_\/impressum\/","title":{"rendered":"Impressum"},"content":{"rendered":"<div>\n<div id=\"page-container\" class=\"et-animated-content\">\n<div id=\"et-main-area\">\n<div id=\"main-content\">\n<article id=\"post-2\" class=\"post-2 page type-page status-publish hentry\">\n<div class=\"entry-content\">\n<div id=\"et-boc\" class=\"et-boc\">\n<div class=\"et-l et-l--post\">\n<div class=\"et_builder_inner_content et_pb_gutters2\">\n<div class=\"et_pb_section et_pb_section_0 et_pb_section_parallax et_pb_with_background et_section_regular\">\n<div class=\"et_pb_row et_pb_row_0 et_pb_gutters2\">\n<div class=\"et_pb_column et_pb_column_4_4 et_pb_column_0 et_pb_css_mix_blend_mode_passthrough et-last-child\">\n<div class=\"et_pb_module et_pb_text et_pb_text_0 et_pb_text_align_left et_pb_bg_layout_dark\">\n<div class=\"et_pb_text_inner\">\n<p><strong>Information nach <\/strong><strong>\u00a7 5 E-Commerce-Gesetz<br \/>\n<\/strong><strong>Impressum und Offenlegung nach <\/strong><strong>\u00a7\u00a7 24, 25 Mediengesetz<br \/>\n<\/strong><strong>Kundeninformation gem<\/strong><strong>\u00e4\u00df <\/strong><strong>\u00a7 137f Gewerbeordnung iVm <\/strong><strong>\u00a7 43 Abs. 4 VersVG<br \/>\n<\/strong><strong>Weitere Rechtshinweise &amp; Informationen<\/strong><\/p>\n<p><strong><br \/>\nMedieninhaber und Herausgeber:<\/strong><\/p>\n<p><a href=\"https:\/\/firmen.wko.at\/Web\/DetailsKontakt.aspx?FirmaID=c0dfd9f2-7259-4157-b757-c872bb87f2b6&amp;StandortID=524&amp;StandortName=Brunn+am+Gebirge+(Gemeinde)&amp;Branche=24983&amp;BranchenName=Versicherungsagenten+(gesamt)&amp;CategoryID=0&amp;Page=1\" target=\"_blank\" rel=\"noopener noreferrer\"><img decoding=\"async\" class=\"alignleft wp-image-3092 size-full\" src=\"https:\/\/vfc.at\/wp-content\/uploads\/2016\/07\/wko-logo.gif\" alt=\"\" width=\"169\" height=\"23\" \/><\/a><\/p>\n<p>&nbsp;<\/p>\n<p><strong>MOJO IT-&amp;Internet Services e.U.<br \/>\n<\/strong>IT-Dienstleister<br \/>\nA\u00dfmayergasse 24 TOP15<br \/>\nA-1120 Wien<br \/>\nMobil 0699 \u2013 1818 3675<br \/>\nE-Mail <a href=\"mailto:office@mojo.cc\">office@mojo.cc<br \/>\n<\/a>Web <a href=\"https:\/\/www.mojo.cc\/\" target=\"_blank\" rel=\"noopener noreferrer\">www.mojo.cc<\/a><\/p>\n<p><strong><br \/>\nFirmendaten<br \/>\n<\/strong>Firmenname: Christoph Resch MOJO IT- &amp; InternetServices e.U.<br \/>\nGr\u00fcndungsjahr: xxxxx<br \/>\nFirmenbuchnummer: xxx<br \/>\nFirmengericht: Landesgericht Wien<br \/>\nGLN (der \u00f6ffentlichen Verwaltung):\u00a0 xxxxxxxxxxx<br \/>\n<span style=\"text-decoration: underline;\">B<\/span>eh\u00f6rde gem. ECG (E-Commerce Gesetz):<span style=\"color: #ff6600;\"> Bezirkshauptmannschaft M\u00f6dling<\/span><br \/>\n<strong>Offenlegung nach Mediengesetz<br \/>\n<\/strong>Firmensitz (Ort der Hauptniederlassung): Wien<br \/>\nGesch\u00e4ftsf\u00fchrer, Mitglieder des Vorstandes bzw. Aufsichtsrates: Christoph Resch<br \/>\n<strong>Mitglied der Wirtschaftskammer Wien<br \/>\n<\/strong><strong>Fachgruppe \/ Berufszweig<br \/>\n<\/strong><strong><span style=\"color: #ff6600;\">LG Versicherungsagenten \/ Versicherungsagenten<\/span><\/strong><\/p>\n<p>&nbsp;<\/p>\n<p><strong>Berechtigungen aufrecht<br \/>\n<\/strong><span style=\"color: #ff6600;\">Versicherungsvermittlung in der Form Versicherungsagent<\/span><br \/>\n<span style=\"color: #ff6600;\">Seit 31.05.2005 f\u00fcr den Standort<\/span><br \/>\n<span style=\"color: #ff6600;\">Am Ried 17, A-2345 Brunn am Gebirge (kann vom Gr\u00fcndungsdatum abweichen)<\/span><br \/>\n<span style=\"color: #ff6600;\">Gesch\u00e4ftsf\u00fchrerIn gewerberechtlich: Peter Resch<\/span><br \/>\n<span style=\"color: #ff6600;\"><strong>Vermittlerregister:<\/strong>\u00a0 <\/span><a href=\"https:\/\/www.gisa.gv.at\/at.gv.wien.fshost-gisa-at\/user\/formular.aspx?pid=f3cbbd2e05c54d8d889b1bddcb648fa2&amp;pn=Bacc9a84823284ea099c0af9ff5837cda\" target=\"_blank\" rel=\"noopener noreferrer\"><span style=\"color: #ff6600;\">www.gisa.gv.at\/versicherungsvermittlerregister<\/span><\/a><\/p>\n<p><strong><br \/>\nVersicherungsvermittlung (Agenturverh\u00e4ltnisse)<br \/>\n<\/strong>Allianz Elementar Versicherungs-AG, Hietzinger Kai 101-105, 1130 Wien<br \/>\nAllianz Elementar Lebensversicherungs-AG, Hietzinger Kai 101-105, 1130 Wien<br \/>\nARAG SE, ARAG Platz 1, 40472 D\u00fcsseldorf, Deutschland<br \/>\nD.A.S. Rechtsschutz AG, Hernalser G\u00fcrtel 17, 1170 Wien<br \/>\nDONAU Versicherung AG Vienna Insurance Group, Schottenring 15, 1010 Wien<br \/>\nEurop\u00e4ische Reiseversicherung AG, Kratochwjlestra\u00dfe 4, 1220 Wien<br \/>\nGenerali Versicherung AG, Landskrongasse 1-3, 1010 Wien<br \/>\nHDI Lebensversicherung AG, Charles-de-Gaulle-Platz 1, 50679 K\u00f6ln, Deutschland<br \/>\nHDI Versicherung AG, Edelsinnstra\u00dfe 7-11, 1120 Wien<br \/>\nHelvetia Versicherungen AG, Hoher Markt 10 \u2013 11, 1010 Wien<br \/>\nMerkur Versicherung AG, Joanneumring 22, 8010 Graz<br \/>\nOber\u00f6sterreichische Versicherung AG, Gruberstra\u00dfe 32, 4020 Linz<br \/>\nUNIQA \u00d6sterreich Versicherungen AG, Untere Donaustra\u00dfe 21, 1029 Wien<br \/>\nVAV Versicherungs-AG, M\u00fcnzgasse 6, 1030 Wien<br \/>\nWiener St\u00e4dtische Versicherung AG Vienna Insurance Group, Schottenring 30, 1010 Wien<br \/>\nW\u00fcstenrot Versicherungs-AG, Alpenstra\u00dfe 61, 5033 Salzburg<br \/>\nZ\u00fcrich Versicherungs-AG, Schwarzenbergplatz 15, 1010 Wien<br \/>\n<strong>Inkasso<br \/>\n<\/strong>Die VFC GmbH ist nicht berechtigt, Versicherungspr\u00e4mien entgegenzunehmen. Versicherungspr\u00e4mien sind direkt an die jeweiligen Versicherungen zu bezahlen.<br \/>\n<strong>Beteiligungen<br \/>\n<\/strong>Die VFC GmbH h\u00e4lt weder direkt noch indirekt eine Beteiligungen \u00fcber 10 % an einem Versicherungsunternehmen und kein Versicherungsunternehmen oder dessen Mutterunternehmen h\u00e4lt an der VFC GmbH eine Beteiligung.<br \/>\n<strong>Haftpflichtversicherung<br \/>\n<\/strong>Die VFC GmbH \u00a0verf\u00fcgt \u00fcber eine Verm\u00f6gensschadenhaftpflichtversicherung (VSH) gem. \u00a7 137c Abs. 1 GewO bei der Generali Versicherung AG, Landskrongasse 1-3, 1010 Wien.<br \/>\n<strong>Informationen zur Website<br \/>\n<\/strong>Diese Website dient der Bewerbung von uns bereitgestellter Dienstleistungen sowie der Pr\u00e4sentation der VFC GmbH. Die darauf abrufbaren Informationen sind kein Angebot im rechtlichen Sinn.<br \/>\n<strong>Gendering<br \/>\n<\/strong>Zur leichteren Lesbarkeit dieser Website wird auf eine geschlechtsneutrale Form bewusst verzichtet. Soweit auf dieser Website personenbezogene Ausdr\u00fccke verwendet werden, umfassen sie Frauen und M\u00e4nner gleicherma\u00dfen!<br \/>\n<strong>Haftung<br \/>\n<\/strong>Die Informationen auf dieser Website wurden sorgf\u00e4ltig erstellt und werden laufend aktualisiert. Die VFC GmbH \u00a0\u00fcbernimmt trotzdem keine Haftung f\u00fcr Richtigkeit, Vollst\u00e4ndigkeit und Aktualit\u00e4t. Die VFC GmbH versucht, die Website jederzeit zur Verf\u00fcgung zu stellen, dennoch wird keine Haftung \u00fcbernommen, wenn diese Website ganz oder teilweise f\u00fcr bestimmte Zeit nicht zur Verf\u00fcgung steht. Die auf der Website enthaltenen Informationen stellen keinesfalls eine Rechts-, Anlage- oder sonstige Beratung dar. Die VFC GmbH \u00a0haftet in keinem Fall f\u00fcr allf\u00e4llige direkte oder indirekte Sch\u00e4den oder Folgesch\u00e4den, die als Folge des Gebrauchs von Informationen oder Material von der Website der VFC GmbH \u00a0oder durch Zugriff \u00fcber Links auf andere Websites entstehen. Die VFC GmbH \u00fcbernimmt keine Haftung daf\u00fcr, dass Informationen, Software oder anderes Material, das \u00fcber ihre Website zug\u00e4nglich ist, frei von Viren oder anderen sch\u00e4dlichen Komponenten sind. Produktnamen, Produktbezeichnungen und Logos, sind Eigentum des jeweiligen Rechteinhabers. F\u00fcr den Inhalt der verlinkten Seiten sind nur deren Betreiber verantwortlich!<br \/>\n<strong>Hyperlinks<br \/>\n<\/strong>Es ist m\u00f6glich, durch die auf der Website der VFC GmbH angegebenen Hyperlinks zu anderen Websites zu gelangen, die nicht von der VFC GmbH betrieben werden. Solche Websites enthalten Informationen, die von unabh\u00e4ngigen Dritten stammen und f\u00fcr den Besucher dieser Website n\u00fctzlich und interessant sein k\u00f6nnen. Es wird darauf hingewiesen, dass f\u00fcr Inhalt und Gestaltung der jeweiligen Websites ausschlie\u00dflich der jeweilige Anbieter verantwortlich ist. Die VFC GmbH \u00fcbernimmt keinerlei Haftung f\u00fcr solche Anbieter und den von ihnen zur Verf\u00fcgung gestellten Informationen.<br \/>\n<strong>Datensicherheit im Internet<br \/>\n<\/strong>Das World Wide Web ist ein \u00f6ffentlich zug\u00e4ngliches System. Jedes Mal, wenn freiwillig pers\u00f6nliche Informationen online preisgegeben werden, erfolgt dies auf eigenes Risiko. Ihre Daten k\u00f6nnen unterwegs verloren gehen oder in die H\u00e4nde Unbefugter gelangen. Eine Haftung seitens der VFC GmbH besteht in solchen F\u00e4llen nicht.<br \/>\n<strong>Datenschutz<br \/>\n<\/strong>Der Datenschutz hat bei der VFC GmbH einen hohen Stellenwert und personenbezogene Daten werden absolut vertraulich behandelt. Erhalten wir von Ihnen Daten \u00fcber unsere Website, werden diese nur f\u00fcr die von Ihnen gew\u00fcnschten Zwecke verwendet und nicht an Dritte weitergegeben.<br \/>\n<strong>Urheberrecht<br \/>\n<\/strong>Aufbau und Inhalt dieser Website sind urheberrechtlich gesch\u00fctzt. Die Verwendung von Text- oder Bildmaterial ist \u2013 sofern nicht ausdr\u00fccklich anders angegeben \u2013 nur mit Zustimmung der VFC GmbH gestattet. Sofern Links zur Homepage oder einer der Websites der VFC GmbH \u00a0gesetzt werden, muss die Website der VFC GmbH alleiniger Bestandteil des Browser Fensters sein.<br \/>\n<strong>Sonstige Hinweise<br \/>\n<\/strong>Zur Verbesserung der Effizienz der Website wird das Analysetool Google Analytics von Google Inc. eingesetzt. Durch Speicherung eines sog. \u201eCookies\u201c auf Ihrem Computer werden Informationen \u00fcber Ihre Benutzung dieser Website (inkl. der IP-Adresse) von Google Analytics ausgewertet. Die Auswertung erfolgt anonymisiert. Durch die Einstellung in Ihrem Browser k\u00f6nnen Sie die Speicherung des Cookies unterbinden. In diesem Fall kann m\u00f6glicherweise die Website nicht vollst\u00e4ndig angezeigt werden.<\/p>\n<p><a href=\"http:\/\/www.google.at\/intl\/de\/policies\/privacy\/\" target=\"_blank\" rel=\"noopener noreferrer\">Google+\u00a0 Datenschutzerkl\u00e4rung<\/a><\/p>\n<p><a href=\"https:\/\/www.facebook.com\/about\/privacy\" target=\"_blank\" rel=\"noopener noreferrer\">Facebook Datenschutzerkl\u00e4rung<\/a><\/p>\n<\/div>\n<\/div>\n<\/div>\n<\/div>\n<\/div>\n<div class=\"et_pb_section et_pb_section_2 et_pb_with_background et_section_regular\">\n<div class=\"et_pb_row et_pb_row_1 et_pb_row_fullwidth et_pb_equal_columns et_pb_gutters1\">\n<div class=\"et_pb_column et_pb_column_4_4 et_pb_column_1 et_pb_css_mix_blend_mode_passthrough et-last-child\">\n<div class=\"et_pb_module et_pb_text et_pb_text_1 et_pb_text_align_center et_pb_bg_layout_dark\">\n<div class=\"et_pb_text_inner\">\n<p><a href=\"https:\/\/irisgrafix.at\" target=\"_blank\" rel=\"noopener noreferrer\">Design by iRiSGRaFiX<\/a><\/p>\n<\/div>\n<\/div>\n<\/div>\n<\/div>\n<\/div>\n<\/div>\n<\/div>\n<\/div>\n<\/div>\n<\/article>\n<\/div>\n<\/div>\n<\/div>\n<\/div>\n<div>Icons made by <a title=\"Freepik\" href=\"http:\/\/www.freepik.com\/\">Freepik<\/a> from <a title=\"Flaticon\" href=\"https:\/\/www.flaticon.com\/\">www.flaticon.com<\/a> is licensed by <a title=\"Creative Commons BY 3.0\" href=\"http:\/\/creativecommons.org\/licenses\/by\/3.0\/\" target=\"_blank\" rel=\"noopener noreferrer\">CC 3.0 BY<\/a><\/div>\n","protected":false},"excerpt":{"rendered":"<p>Information nach \u00a7 5 E-Commerce-Gesetz Impressum und Offenlegung nach \u00a7\u00a7 24, 25 Mediengesetz Kundeninformation gem\u00e4\u00df \u00a7 137f Gewerbeordnung iVm \u00a7 43 Abs. 4 VersVG Weitere Rechtshinweise &amp; Informationen Medieninhaber und [&hellip;]<\/p>\n","protected":false},"author":1,"featured_media":0,"parent":0,"menu_order":0,"comment_status":"closed","ping_status":"closed","template":"","meta":{"_acf_changed":false,"footnotes":""},"class_list":["post-513","page","type-page","status-publish","hentry"],"acf":[],"brizy_media":[],"_links":{"self":[{"href":"https:\/\/mojoitservices.eu\/_\/wp-json\/wp\/v2\/pages\/513","targetHints":{"allow":["GET"]}}],"collection":[{"href":"https:\/\/mojoitservices.eu\/_\/wp-json\/wp\/v2\/pages"}],"about":[{"href":"https:\/\/mojoitservices.eu\/_\/wp-json\/wp\/v2\/types\/page"}],"author":[{"embeddable":true,"href":"https:\/\/mojoitservices.eu\/_\/wp-json\/wp\/v2\/users\/1"}],"replies":[{"embeddable":true,"href":"https:\/\/mojoitservices.eu\/_\/wp-json\/wp\/v2\/comments?post=513"}],"version-history":[{"count":6,"href":"https:\/\/mojoitservices.eu\/_\/wp-json\/wp\/v2\/pages\/513\/revisions"}],"predecessor-version":[{"id":703,"href":"https:\/\/mojoitservices.eu\/_\/wp-json\/wp\/v2\/pages\/513\/revisions\/703"}],"wp:attachment":[{"href":"https:\/\/mojoitservices.eu\/_\/wp-json\/wp\/v2\/media?parent=513"}],"curies":[{"name":"wp","href":"https:\/\/api.w.org\/{rel}","templated":true}]}}