{"id":375,"date":"2019-02-25T00:36:09","date_gmt":"2019-02-24T23:36:09","guid":{"rendered":"https:\/\/mojoitservices.eu\/_\/?page_id=375"},"modified":"2021-04-08T13:47:53","modified_gmt":"2021-04-08T12:47:53","slug":"allinhosting","status":"publish","type":"page","link":"https:\/\/mojoitservices.eu\/_\/","title":{"rendered":"ALLINHOSTING"},"content":{"rendered":"\t\t<div data-elementor-type=\"wp-page\" data-elementor-id=\"375\" class=\"elementor elementor-375\">\n\t\t\t\t\t\t<section class=\"elementor-section elementor-top-section elementor-element elementor-element-4551ceb3 elementor-section-boxed elementor-section-height-default elementor-section-height-default\" data-id=\"4551ceb3\" data-element_type=\"section\" data-e-type=\"section\">\n\t\t\t\t\t\t<div class=\"elementor-container elementor-column-gap-default\">\n\t\t\t\t\t<div class=\"elementor-column elementor-col-100 elementor-top-column elementor-element elementor-element-5ee92a73\" data-id=\"5ee92a73\" data-element_type=\"column\" data-e-type=\"column\">\n\t\t\t<div class=\"elementor-widget-wrap elementor-element-populated\">\n\t\t\t\t\t\t<div class=\"elementor-element elementor-element-37c10d5c elementor-widget elementor-widget-text-editor\" data-id=\"37c10d5c\" data-element_type=\"widget\" data-e-type=\"widget\" data-widget_type=\"text-editor.default\">\n\t\t\t\t<div class=\"elementor-widget-container\">\n\t\t\t\t\t\t\t\t\t<h5 style=\"text-align: center;\">MOJO ist ein sicherer Ort f\u00fcr all Deine Daten &#8230;<\/h5><p><strong>MOJO<\/strong>-Hosting spricht anspruchsvolle Web- &amp; AppentwicklerInnen, Mailinglisten-, E-Commerce- und Webshop-BetrieberInnen und bewu\u00dfte Internet-EnthusiastenInnen gleicherma\u00dfen an. In der Qualit\u00e4t unserer L\u00f6sungen spiegeln sich \u00fcber 20 Jahren Berufserfahrung in den Bereichen IT-Sicherheit, EDV- &amp; Officesupport, Datenhosting und Entwicklung von Kundenl\u00f6sungen wider.<\/p><h5 style=\"text-align: center;\">MOJO ist Perfektionist und streng mit sich selbst &#8211; Wir nehmen Qualit\u00e4t pers\u00f6nlich<\/h5><p><strong>MOJO<\/strong> sorgt sich t\u00e4glich um Qualit\u00e4t, Sicherheit und Produktivit\u00e4t der anvertrauten Daten und betreibt und verbessert die Umgebung laufend mit zus\u00e4tzlichen Features und Patches , um deine <strong>&#8220;MOJO<\/strong>-Experience&#8221; zu perfektionieren.<\/p><ul><li>Wir ziehen t\u00e4glich verschl\u00fcsselte Backups<\/li><li>Alle Datentr\u00e4ger der MOJO-Infrastruktur sind hochgradig verschl\u00fcsselt und redundant ausgelegt<\/li><li><strong><em>&#8220;NO-CLOUD !&#8221;<\/em> &#8211; MOJO<\/strong> hostet Deine Daten auf dezidierter Hardware in europ\u00e4ischen Rechenzentren<\/li><li>&#8220;<em><strong>MADE BY MOJO<\/strong><\/em>&#8221; &#8211; keine ausgelagerten Datendienste und Subselling an Drittunternehmen<\/li><li><strong>SPAM-freie(*)<\/strong> Emails durch t\u00e4gliche Optimierung.<\/li><li>Professionelles WEBMAIL &amp; OFFICE-Portal<\/li><li>H\u00f6chste Verschl\u00fcsselung f\u00fcr aller Protokolle ( <strong>[A+]<\/strong>-rated b<strong>y <a href=\"https:\/\/www.ssllabs.com\/ssltest\/analyze.html?d=webmail.mojo.cc\" target=\"_blank\" rel=\"noopener noreferrer\">QUALSYS.com<\/a><\/strong> )<\/li><li>Sichere Daten\u00fcbertragungen ( SFTP \/ SCP )<\/li><li><em><strong>&#8220;Webmaster&#8217;s choice&#8221;<\/strong><\/em> PHP <strong>DUALMODE<\/strong><\/li><\/ul><p>\u00a0<\/p>\t\t\t\t\t\t\t\t<\/div>\n\t\t\t\t<\/div>\n\t\t\t\t\t<\/div>\n\t\t<\/div>\n\t\t\t\t\t<\/div>\n\t\t<\/section>\n\t\t\t\t<section class=\"elementor-section elementor-top-section elementor-element elementor-element-6cc917c elementor-section-boxed elementor-section-height-default elementor-section-height-default\" data-id=\"6cc917c\" data-element_type=\"section\" data-e-type=\"section\">\n\t\t\t\t\t\t<div class=\"elementor-container elementor-column-gap-default\">\n\t\t\t\t\t<div class=\"elementor-column elementor-col-100 elementor-top-column elementor-element elementor-element-848059c\" data-id=\"848059c\" data-element_type=\"column\" data-e-type=\"column\">\n\t\t\t<div class=\"elementor-widget-wrap elementor-element-populated\">\n\t\t\t\t\t\t<div class=\"elementor-element elementor-element-362780e elementor-alert-info elementor-widget elementor-widget-alert\" data-id=\"362780e\" data-element_type=\"widget\" data-e-type=\"widget\" data-widget_type=\"alert.default\">\n\t\t\t\t<div class=\"elementor-widget-container\">\n\t\t\t\t\t\t\t<div class=\"elementor-alert\" role=\"alert\">\n\n\t\t\t\t\t\t<span class=\"elementor-alert-title\">Das ist eine Warnmeldung<\/span>\n\t\t\t\n\t\t\t\t\t\t<span class=\"elementor-alert-description\">Ich bin eine Beschreibung. Dr\u00fccke den Bearbeiten-Button um den Text zu \u00e4ndern.<\/span>\n\t\t\t\n\t\t\t\t\t\t<button type=\"button\" class=\"elementor-alert-dismiss\" aria-label=\"Hinweis ausblenden.\">\n\t\t\t\t\t\t\t\t\t<span aria-hidden=\"true\">&times;<\/span>\n\t\t\t\t\t\t\t<\/button>\n\t\t\t\n\t\t<\/div>\n\t\t\t\t\t\t<\/div>\n\t\t\t\t<\/div>\n\t\t\t\t\t<\/div>\n\t\t<\/div>\n\t\t\t\t\t<\/div>\n\t\t<\/section>\n\t\t\t\t<\/div>\n\t\t","protected":false},"excerpt":{"rendered":"<p>MOJO ist ein sicherer Ort f\u00fcr all Deine Daten &#8230; MOJO-Hosting spricht anspruchsvolle Web- &amp; AppentwicklerInnen, Mailinglisten-, E-Commerce- und Webshop-BetrieberInnen und bewu\u00dfte Internet-EnthusiastenInnen gleicherma\u00dfen an. In der Qualit\u00e4t unserer L\u00f6sungen [&hellip;]<\/p>\n","protected":false},"author":1,"featured_media":0,"parent":0,"menu_order":0,"comment_status":"closed","ping_status":"closed","template":"","meta":{"_acf_changed":false,"footnotes":""},"class_list":["post-375","page","type-page","status-publish","hentry"],"acf":[],"brizy_media":[],"_links":{"self":[{"href":"https:\/\/mojoitservices.eu\/_\/wp-json\/wp\/v2\/pages\/375","targetHints":{"allow":["GET"]}}],"collection":[{"href":"https:\/\/mojoitservices.eu\/_\/wp-json\/wp\/v2\/pages"}],"about":[{"href":"https:\/\/mojoitservices.eu\/_\/wp-json\/wp\/v2\/types\/page"}],"author":[{"embeddable":true,"href":"https:\/\/mojoitservices.eu\/_\/wp-json\/wp\/v2\/users\/1"}],"replies":[{"embeddable":true,"href":"https:\/\/mojoitservices.eu\/_\/wp-json\/wp\/v2\/comments?post=375"}],"version-history":[{"count":20,"href":"https:\/\/mojoitservices.eu\/_\/wp-json\/wp\/v2\/pages\/375\/revisions"}],"predecessor-version":[{"id":630,"href":"https:\/\/mojoitservices.eu\/_\/wp-json\/wp\/v2\/pages\/375\/revisions\/630"}],"wp:attachment":[{"href":"https:\/\/mojoitservices.eu\/_\/wp-json\/wp\/v2\/media?parent=375"}],"curies":[{"name":"wp","href":"https:\/\/api.w.org\/{rel}","templated":true}]}}